{"id":198,"date":"2025-05-10T20:00:21","date_gmt":"2025-05-10T18:00:21","guid":{"rendered":"https:\/\/pedroguajardo.art\/?page_id=198"},"modified":"2025-05-10T20:01:59","modified_gmt":"2025-05-10T18:01:59","slug":"video","status":"publish","type":"page","link":"https:\/\/pedroguajardo.art\/?page_id=198","title":{"rendered":"Video"},"content":{"rendered":"\n<figure class=\"wp-block-embed is-type-video is-provider-vimeo wp-block-embed-vimeo\"><div class=\"wp-block-embed__wrapper\">\n<iframe loading=\"lazy\" title=\"GUAJARDO - &quot;El Pintor&quot;  X - in Memoriam P.G.E.\" src=\"https:\/\/player.vimeo.com\/video\/1075620848?dnt=1&amp;app_id=122963\" width=\"600\" height=\"450\" frameborder=\"0\" allow=\"autoplay; fullscreen; picture-in-picture; clipboard-write; encrypted-media\"><\/iframe>\n<\/div><\/figure>\n\n\n\n<p>GUAJARDO &#8211; &#8220;El Pintor&#8221; X &#8211; in Memoriam P.G.E. (2016) ca. 16 min.<br>Esta obra audiovisual est\u00e1 realizada durante un proceso de muchos a\u00f1os entre el realizador, Miguel Angel C\u00e1rdaba y mi padre Pedro Guajardo Eguiluz &#8211; &#8220;El Pintor&#8221; (1928-2004), sobre su pintura y sus poemas. La t\u00e9cnica pict\u00f3rica que \u00e9l mismo redescubri\u00f3 es la denominada &#8220;Cera P\u00fanica&#8221; (similar a la enca\u00fastica). La banda sonora se extrae de \u2018X in memoriam P.G.E.\u2019, una obra radiof\u00f3nica de 45 minutos, encargo del CDMC (Centro de Difusi\u00f3n de la M\u00fasica Contempor\u00e1nea) y Radio Cl\u00e1sica (RNE) para el XX Festival de Alicante (2004), con algunas piezas nuevas. Utilizo grabaciones de algunos de sus escritos recitados por \u00e9l mismo y que realizaba cuando dejaba los pinceles. Se ilustran con algunos fragmentos transformados con t\u00e9cnicas de estudio de algunas de mis obras que le gustaban o de las que era dedicatario para fundirlas con texturas electroac\u00fasticas junto a la utilizaci\u00f3n de alg\u00fan material vocal propio y tambi\u00e9n ajeno, transformado y procedente de diversas fuentes, entre ellas: F\u00e1tima Miranda, S. M. Keyrouz, T. Bloch, etc.<br>Se estren\u00f3 en su versi\u00f3n definitiva en UNIVERSO GUAJARDO, Exposici\u00f3n-Homeneje a Pedro Guajardo Eguliluz, La Quinta del Sordo, Madrid. En su versi\u00f3n (pre-definitiva) en 2014, XXI Festival Punto de Encuentro, RCSMVE de Granada y en EDITA N\u00f3mada, Granada 2013 (Encuentro Internacional de Editores Independientes), Escuela de Arte de Granada. Recientemente (2024) fue seleccionado en el Festival Cinem\u00edstica, Corrala de Santiago (Granada).<\/p>\n","protected":false},"excerpt":{"rendered":"<p>GUAJARDO &#8211; &#8220;El Pintor&#8221; X &#8211; in Memoriam P.G.E. (2016) ca. 16 min.Esta obra audiovisual est\u00e1 realizada durante un proceso de muchos a\u00f1os entre el realizador, Miguel Angel C\u00e1rdaba y mi padre Pedro Guajardo Eguiluz &#8211; &#8220;El Pintor&#8221; (1928-2004), sobre su pintura y sus poemas. La t\u00e9cnica pict\u00f3rica que \u00e9l mismo redescubri\u00f3 es la denominada [&hellip;]<\/p>\n","protected":false},"author":4,"featured_media":0,"parent":0,"menu_order":0,"comment_status":"closed","ping_status":"closed","template":"","meta":{"footnotes":""},"class_list":["post-198","page","type-page","status-publish","hentry"],"_links":{"self":[{"href":"https:\/\/pedroguajardo.art\/index.php?rest_route=\/wp\/v2\/pages\/198","targetHints":{"allow":["GET"]}}],"collection":[{"href":"https:\/\/pedroguajardo.art\/index.php?rest_route=\/wp\/v2\/pages"}],"about":[{"href":"https:\/\/pedroguajardo.art\/index.php?rest_route=\/wp\/v2\/types\/page"}],"author":[{"embeddable":true,"href":"https:\/\/pedroguajardo.art\/index.php?rest_route=\/wp\/v2\/users\/4"}],"replies":[{"embeddable":true,"href":"https:\/\/pedroguajardo.art\/index.php?rest_route=%2Fwp%2Fv2%2Fcomments&post=198"}],"version-history":[{"count":2,"href":"https:\/\/pedroguajardo.art\/index.php?rest_route=\/wp\/v2\/pages\/198\/revisions"}],"predecessor-version":[{"id":203,"href":"https:\/\/pedroguajardo.art\/index.php?rest_route=\/wp\/v2\/pages\/198\/revisions\/203"}],"wp:attachment":[{"href":"https:\/\/pedroguajardo.art\/index.php?rest_route=%2Fwp%2Fv2%2Fmedia&parent=198"}],"curies":[{"name":"wp","href":"https:\/\/api.w.org\/{rel}","templated":true}]}}