{"id":2,"date":"2021-11-26T22:59:07","date_gmt":"2021-11-26T21:59:07","guid":{"rendered":"http:\/\/electrobot.space\/guajardo\/?page_id=2"},"modified":"2022-03-25T19:01:42","modified_gmt":"2022-03-25T18:01:42","slug":"about","status":"publish","type":"page","link":"https:\/\/pedroguajardo.art\/?page_id=2","title":{"rendered":"Presentaci\u00f3n"},"content":{"rendered":"\n<p>. . . GUAJARDO este gran pintor aragon\u00e9s, de quien tengo el honor y la plena satisfacci\u00f3n de presentar su magn\u00edfica obra ante ustedes, que a la vez de ser de un trabajo artesano complejo y dificultoso poco com\u00fan para estos tiempos, como es la t\u00e9cnica in\u00e9dita en CERA P\u00daNICA, despliega un hondo significado toda su variada tem\u00e1tica en la que nos habla de Teolog\u00eda, Misticismo y Filosof\u00eda pura, mundos m\u00e1gicos, etc., intuidos por la sensibilidad tan se\u00f1alada y llena de poes\u00eda de este genial artista. Su obra no permite pasar indiferente, despertando una atracci\u00f3n y un hechizo tan singular del que es dif\u00edcil eludirse \u2026<\/p>\n\n\n\n<figure class=\"wp-block-image size-full\"><img loading=\"lazy\" decoding=\"async\" width=\"1024\" height=\"778\" src=\"https:\/\/electrobot.space\/guajardo\/wp-content\/uploads\/sites\/4\/2022\/03\/M-de-Lozoya-presentando-la-obra.jpg\" alt=\"\" class=\"wp-image-164\" srcset=\"https:\/\/pedroguajardo.art\/wp-content\/uploads\/sites\/4\/2022\/03\/M-de-Lozoya-presentando-la-obra.jpg 1024w, https:\/\/pedroguajardo.art\/wp-content\/uploads\/sites\/4\/2022\/03\/M-de-Lozoya-presentando-la-obra-300x228.jpg 300w, https:\/\/pedroguajardo.art\/wp-content\/uploads\/sites\/4\/2022\/03\/M-de-Lozoya-presentando-la-obra-768x584.jpg 768w, https:\/\/pedroguajardo.art\/wp-content\/uploads\/sites\/4\/2022\/03\/M-de-Lozoya-presentando-la-obra-508x386.jpg 508w\" sizes=\"auto, (max-width: 1024px) 100vw, 1024px\" \/><\/figure>\n\n\n\n<blockquote class=\"wp-block-quote has-text-align-left is-layout-flow wp-block-quote-is-layout-flow\"><p>Pedro Guajardo ha heredado el esp\u00edritu de artista-artesano de los grandes pintores del Quatrocento en Siena y en Florencia: los que realizaban en sus retablos tanto una tarea de orfebrer\u00eda como una labor de pintura; los que se fabricaban ellos mismos sus colores, reduciendo a polvo piedras preciosas y fij\u00e1ndolas con gomas y resinas de Oriente. Un cuadro de Ang\u00e9lico de Fi\u00e9sole tiene la calidad de un esmalte engastado en un fondo de oro. <\/p><p>Para realizar su ideal de trabajar con colores puros como los del iris, que conserven, como las gemas, su brillo a trav\u00e9s del tiempo, se ha impuesto un af\u00e1n de alquimista. Y el resultado ha sido la revelaci\u00f3n del secreto de la CERA P\u00daNICA que menciona Plinio cuando se refiere a los pintores griegos y de la cual nos da referencias algo m\u00e1s precisas el viejo Diosc\u00f3rides. Pintura con calidad de joya. Pedro Guajardo nos revela un mundo que parece so\u00f1ado y que existe, sin embargo, en la infinita variedad de lo real: el mundo submarino en que se agitan esas vivientes pedrer\u00edas que son los pececillos del tr\u00f3pico; ambientes azules de crep\u00fasculo y ambientes rojos de incendio, con caballos de plata y gr\u00e1ciles siluetas humanas; flores que son joyas vivas tambi\u00e9n. Guajardo, un gran pintor, cultiva un arte que deja en la mente el recuerdo de un mundo luminoso y pol\u00edcromo, como el de las vidrieras de las catedrales.<\/p><p><br>Marqu\u00e9s de Lozoya<\/p><cite>extractos de su conferencia sobre GUAJARDO y del cat\u00e1logo del pintor  <\/cite><\/blockquote>\n\n\n\n<figure class=\"wp-block-image size-large is-resized\"><img loading=\"lazy\" decoding=\"async\" src=\"https:\/\/electrobot.space\/guajardo\/wp-content\/uploads\/sites\/4\/2022\/03\/Guajardo-4-671x1024.jpg\" alt=\"\" class=\"wp-image-165\" width=\"687\" height=\"1048\" srcset=\"https:\/\/pedroguajardo.art\/wp-content\/uploads\/sites\/4\/2022\/03\/Guajardo-4-671x1024.jpg 671w, https:\/\/pedroguajardo.art\/wp-content\/uploads\/sites\/4\/2022\/03\/Guajardo-4-197x300.jpg 197w, https:\/\/pedroguajardo.art\/wp-content\/uploads\/sites\/4\/2022\/03\/Guajardo-4-768x1172.jpg 768w, https:\/\/pedroguajardo.art\/wp-content\/uploads\/sites\/4\/2022\/03\/Guajardo-4-1007x1536.jpg 1007w, https:\/\/pedroguajardo.art\/wp-content\/uploads\/sites\/4\/2022\/03\/Guajardo-4-scaled.jpg 1678w\" sizes=\"auto, (max-width: 687px) 100vw, 687px\" \/><\/figure>\n","protected":false},"excerpt":{"rendered":"<p>. . . GUAJARDO este gran pintor aragon\u00e9s, de quien tengo el honor y la plena satisfacci\u00f3n de presentar su magn\u00edfica obra ante ustedes, que a la vez de ser de un trabajo artesano complejo y dificultoso poco com\u00fan para estos tiempos, como es la t\u00e9cnica in\u00e9dita en CERA P\u00daNICA, despliega un hondo significado toda [&hellip;]<\/p>\n","protected":false},"author":1,"featured_media":0,"parent":0,"menu_order":0,"comment_status":"closed","ping_status":"closed","template":"","meta":{"footnotes":""},"class_list":["post-2","page","type-page","status-publish","hentry"],"_links":{"self":[{"href":"https:\/\/pedroguajardo.art\/index.php?rest_route=\/wp\/v2\/pages\/2","targetHints":{"allow":["GET"]}}],"collection":[{"href":"https:\/\/pedroguajardo.art\/index.php?rest_route=\/wp\/v2\/pages"}],"about":[{"href":"https:\/\/pedroguajardo.art\/index.php?rest_route=\/wp\/v2\/types\/page"}],"author":[{"embeddable":true,"href":"https:\/\/pedroguajardo.art\/index.php?rest_route=\/wp\/v2\/users\/1"}],"replies":[{"embeddable":true,"href":"https:\/\/pedroguajardo.art\/index.php?rest_route=%2Fwp%2Fv2%2Fcomments&post=2"}],"version-history":[{"count":18,"href":"https:\/\/pedroguajardo.art\/index.php?rest_route=\/wp\/v2\/pages\/2\/revisions"}],"predecessor-version":[{"id":175,"href":"https:\/\/pedroguajardo.art\/index.php?rest_route=\/wp\/v2\/pages\/2\/revisions\/175"}],"wp:attachment":[{"href":"https:\/\/pedroguajardo.art\/index.php?rest_route=%2Fwp%2Fv2%2Fmedia&parent=2"}],"curies":[{"name":"wp","href":"https:\/\/api.w.org\/{rel}","templated":true}]}}